{"id":718,"date":"2024-03-04T11:23:31","date_gmt":"2024-03-04T04:23:31","guid":{"rendered":"https:\/\/karingglobal.com\/dieu-khoan-dieu-kien\/"},"modified":"2025-12-23T09:45:56","modified_gmt":"2025-12-23T02:45:56","slug":"dieu-khoan-dieu-kien","status":"publish","type":"page","link":"https:\/\/karingglobal.com\/en\/dieu-khoan-dieu-kien\/","title":{"rendered":"\u0110i\u1ec1u kho\u1ea3n &#8211; \u0110i\u1ec1u ki\u1ec7n"},"content":{"rendered":"\n\t<section class=\"section\" id=\"section_751475926\">\n\t\t<div class=\"section-bg fill\" >\n\t\t\t\t\t\t\t\t\t\n\t\t\t\n\n\t\t<\/div>\n\n\t\t\n\n\t\t<div class=\"section-content relative\">\n\t\t\t\n<div class=\"row\"  id=\"row-1374684653\">\n\n\t<div id=\"col-263287037\" class=\"col small-12 large-12\"  >\n\t\t\t\t<div class=\"col-inner\"  >\n\t\t\t\n\t\t\t\n\t<div id=\"text-2146762361\" class=\"text\">\n\t\t\n<p><strong>\u0110i\u1ec1u kho\u1ea3n v\u00e0 \u0111i\u1ec1u ki\u1ec7n s\u1eed d\u1ee5ng d\u1ecbch v\u1ee5 t\u1ea1i <\/strong><br \/>\n\t\t\n<style>\n#text-2146762361 {\n  font-size: 2rem;\n}\n<\/style>\n\t<\/div>\n\t\n<p style=\"text-align: justify;\">Ch\u00e0o m\u1eebng qu\u00fd kh\u00e1ch \u0111\u1ebfn v\u1edbi . B\u1eb1ng vi\u1ec7c truy c\u1eadp, s\u1eed d\u1ee5ng trang web ho\u1eb7c th\u1ef1c hi\u1ec7n giao d\u1ecbch v\u1edbi ch\u00fang t\u00f4i, b\u1ea1n \u0111\u1ed3ng \u00fd tu\u00e2n th\u1ee7 v\u00e0 b\u1ecb r\u00e0ng bu\u1ed9c b\u1edfi c\u00e1c \u0110i\u1ec1u kho\u1ea3n v\u00e0 \u0110i\u1ec1u ki\u1ec7n d\u01b0\u1edbi \u0111\u00e2y. Vui l\u00f2ng \u0111\u1ecdc k\u1ef9 tr\u01b0\u1edbc khi ti\u1ebfn h\u00e0nh giao d\u1ecbch.<\/p>\n<hr \/>\n<h2 style=\"text-align: justify;\">1. \u0110\u1ecbnh Ngh\u0129a<\/h2>\n<ul style=\"text-align: justify;\">\n<li><strong>&#8220;Ch\u00fang t\u00f4i&#8221; \/ &#8221; &#8220;<\/strong>: \u0110\u1ec1 c\u1eadp \u0111\u1ebfn C\u00f4ng ty .<\/li>\n<li><strong>&#8220;B\u1ea1n&#8221; \/ &#8220;Kh\u00e1ch h\u00e0ng&#8221;<\/strong>: \u0110\u1ec1 c\u1eadp \u0111\u1ebfn b\u1ea5t k\u1ef3 c\u00e1 nh\u00e2n, t\u1ed5 ch\u1ee9c n\u00e0o truy c\u1eadp, s\u1eed d\u1ee5ng trang web ho\u1eb7c mua s\u1ea3n ph\u1ea9m\/d\u1ecbch v\u1ee5 c\u1ee7a .<\/li>\n<li><strong>&#8220;S\u1ea3n ph\u1ea9m&#8221;<\/strong>: H\u00e0ng h\u00f3a, n\u00f4ng s\u1ea3n, v\u1eadt li\u1ec7u do cung c\u1ea5p.<\/li>\n<li><strong>&#8220;D\u1ecbch v\u1ee5&#8221;<\/strong>: C\u00e1c ho\u1ea1t \u0111\u1ed9ng t\u01b0 v\u1ea5n, h\u1ed7 tr\u1ee3, \u0111\u00f3ng g\u00f3i OEM v\u00e0 c\u00e1c d\u1ecbch v\u1ee5 kh\u00e1c m\u00e0 cung c\u1ea5p.<\/li>\n<li><strong>&#8220;H\u1ee3p \u0111\u1ed3ng&#8221;<\/strong>: C\u00e1c th\u1ecfa thu\u1eadn mua b\u00e1n, \u0111\u01a1n \u0111\u1eb7t h\u00e0ng \u0111\u00e3 \u0111\u01b0\u1ee3c x\u00e1c nh\u1eadn gi\u1eefa v\u00e0 Kh\u00e1ch h\u00e0ng.<\/li>\n<\/ul>\n<hr \/>\n<h2 style=\"text-align: justify;\">2. Ph\u1ea1m Vi \u00c1p D\u1ee5ng<\/h2>\n<ul style=\"text-align: justify;\">\n<li>C\u00e1c \u0111i\u1ec1u kho\u1ea3n n\u00e0y \u00e1p d\u1ee5ng cho t\u1ea5t c\u1ea3 c\u00e1c giao d\u1ecbch th\u01b0\u01a1ng m\u1ea1i, \u0111\u01a1n \u0111\u1eb7t h\u00e0ng v\u00e0 h\u1ee3p \u0111\u1ed3ng \u0111\u01b0\u1ee3c k\u00fd k\u1ebft gi\u1eefa v\u00e0 Kh\u00e1ch h\u00e0ng.<\/li>\n<li>B\u1ea5t k\u1ef3 s\u1eeda \u0111\u1ed5i ho\u1eb7c th\u1ecfa thu\u1eadn b\u1ed5 sung n\u00e0o ch\u1ec9 c\u00f3 hi\u1ec7u l\u1ef1c khi \u0111\u01b0\u1ee3c l\u1eadp th\u00e0nh v\u0103n b\u1ea3n v\u00e0 c\u00f3 x\u00e1c nh\u1eadn c\u1ee7a c\u1ea3 hai b\u00ean.<\/li>\n<\/ul>\n<hr \/>\n<h2 style=\"text-align: justify;\">3. \u0110\u1eb7t H\u00e0ng v\u00e0 X\u00e1c Nh\u1eadn<\/h2>\n<ul style=\"text-align: justify;\">\n<li><strong>\u0110\u01a1n \u0111\u1eb7t h\u00e0ng<\/strong>: \u0110\u01a1n \u0111\u1eb7t h\u00e0ng c\u1ee7a Kh\u00e1ch h\u00e0ng \u0111\u01b0\u1ee3c xem l\u00e0 m\u1ed9t \u0111\u1ec1 ngh\u1ecb giao k\u1ebft h\u1ee3p \u0111\u1ed3ng.<\/li>\n<li><strong>X\u00e1c nh\u1eadn \u0111\u01a1n h\u00e0ng<\/strong>: H\u1ee3p \u0111\u1ed3ng ch\u1ec9 \u0111\u01b0\u1ee3c h\u00ecnh th\u00e0nh khi g\u1eedi x\u00e1c nh\u1eadn ch\u00ednh th\u1ee9c b\u1eb1ng v\u0103n b\u1ea3n (email, v\u0103n b\u1ea3n c\u00f3 ch\u1eef k\u00fd) cho Kh\u00e1ch h\u00e0ng. X\u00e1c nh\u1eadn n\u00e0y s\u1ebd bao g\u1ed3m c\u00e1c th\u00f4ng tin chi ti\u1ebft v\u1ec1 s\u1ea3n ph\u1ea9m, s\u1ed1 l\u01b0\u1ee3ng, gi\u00e1 c\u1ea3, th\u1eddi gian v\u00e0 \u0111\u1ecba \u0111i\u1ec3m giao h\u00e0ng.<\/li>\n<li><strong>H\u1ee7y \u0111\u01a1n h\u00e0ng<\/strong>: Vi\u1ec7c h\u1ee7y \u0111\u01a1n h\u00e0ng sau khi \u0111\u00e3 x\u00e1c nh\u1eadn ph\u1ea3i tu\u00e2n theo c\u00e1c \u0111i\u1ec1u kho\u1ea3n \u0111\u01b0\u1ee3c quy \u0111\u1ecbnh trong H\u1ee3p \u0111\u1ed3ng ho\u1eb7c th\u1ecfa thu\u1eadn c\u1ee5 th\u1ec3. c\u00f3 quy\u1ec1n t\u1eeb ch\u1ed1i h\u1ee7y \u0111\u01a1n h\u00e0ng ho\u1eb7c \u00e1p d\u1ee5ng ph\u00ed h\u1ee7y n\u1ebfu vi\u1ec7c s\u1ea3n xu\u1ea5t ho\u1eb7c thu mua \u0111\u00e3 \u0111\u01b0\u1ee3c ti\u1ebfn h\u00e0nh.<\/li>\n<\/ul>\n<hr \/>\n<h2 style=\"text-align: justify;\">4. Gi\u00e1 C\u1ea3 v\u00e0 Thanh To\u00e1n<\/h2>\n<ul style=\"text-align: justify;\">\n<li><strong>B\u00e1o gi\u00e1<\/strong>: T\u1ea5t c\u1ea3 b\u00e1o gi\u00e1 c\u00f3 hi\u1ec7u l\u1ef1c trong kho\u1ea3ng th\u1eddi gian \u0111\u01b0\u1ee3c n\u00eau r\u00f5. N\u1ebfu kh\u00f4ng c\u00f3 quy \u0111\u1ecbnh, b\u00e1o gi\u00e1 c\u00f3 hi\u1ec7u l\u1ef1c trong v\u00f2ng 15 ng\u00e0y. Gi\u00e1 ch\u01b0a bao g\u1ed3m thu\u1ebf VAT, chi ph\u00ed v\u1eadn chuy\u1ec3n, b\u1ea3o hi\u1ec3m (tr\u1eeb khi c\u00f3 th\u1ecfa thu\u1eadn kh\u00e1c).<\/li>\n<li><strong>\u0110i\u1ec1u kho\u1ea3n thanh to\u00e1n<\/strong>: Kh\u00e1ch h\u00e0ng c\u00f3 ngh\u0129a v\u1ee5 thanh to\u00e1n theo \u0111\u00fang c\u00e1c \u0111i\u1ec1u kho\u1ea3n \u0111\u00e3 th\u1ecfa thu\u1eadn trong H\u1ee3p \u0111\u1ed3ng (v\u00ed d\u1ee5: \u0111\u1eb7t c\u1ecdc tr\u01b0\u1edbc, thanh to\u00e1n khi nh\u1eadn h\u00e0ng, L\/C&#8230;).<\/li>\n<li><strong>Thanh to\u00e1n ch\u1eadm<\/strong>: Trong tr\u01b0\u1eddng h\u1ee3p thanh to\u00e1n ch\u1eadm, c\u00f3 quy\u1ec1n t\u00ednh l\u00e3i su\u1ea5t ch\u1eadm tr\u1ea3 theo quy \u0111\u1ecbnh c\u1ee7a ph\u00e1p lu\u1eadt ho\u1eb7c quy \u0111\u1ecbnh trong h\u1ee3p \u0111\u1ed3ng.<\/li>\n<\/ul>\n<hr \/>\n<h2 style=\"text-align: justify;\">5. Giao H\u00e0ng v\u00e0 Chuy\u1ec3n Giao R\u1ee7i Ro<\/h2>\n<ul style=\"text-align: justify;\">\n<li><strong>Th\u1eddi gian giao h\u00e0ng<\/strong>: Th\u1eddi gian giao h\u00e0ng d\u1ef1 ki\u1ebfn s\u1ebd \u0111\u01b0\u1ee3c n\u00eau trong x\u00e1c nh\u1eadn \u0111\u01a1n h\u00e0ng. Ch\u00fang t\u00f4i s\u1ebd n\u1ed7 l\u1ef1c \u0111\u1ec3 giao h\u00e0ng \u0111\u00fang h\u1ea1n, tuy nhi\u00ean th\u1eddi gian n\u00e0y c\u00f3 th\u1ec3 thay \u0111\u1ed5i do c\u00e1c y\u1ebfu t\u1ed1 b\u1ea5t kh\u1ea3 kh\u00e1ng.<\/li>\n<li><strong>Chuy\u1ec3n giao r\u1ee7i ro<\/strong>: R\u1ee7i ro v\u1ec1 m\u1ea5t m\u00e1t ho\u1eb7c h\u01b0 h\u1ecfng s\u1ea3n ph\u1ea9m s\u1ebd \u0111\u01b0\u1ee3c chuy\u1ec3n t\u1eeb sang Kh\u00e1ch h\u00e0ng t\u1ea1i th\u1eddi \u0111i\u1ec3m giao h\u00e0ng, d\u1ef1a tr\u00ean c\u00e1c \u0111i\u1ec1u ki\u1ec7n th\u01b0\u01a1ng m\u1ea1i qu\u1ed1c t\u1ebf (Incoterms) \u0111\u00e3 \u0111\u01b0\u1ee3c hai b\u00ean th\u1ed1ng nh\u1ea5t.<\/li>\n<li><strong>Ki\u1ec3m tra h\u00e0ng h\u00f3a<\/strong>: Kh\u00e1ch h\u00e0ng c\u00f3 tr\u00e1ch nhi\u1ec7m ki\u1ec3m tra t\u00ecnh tr\u1ea1ng v\u00e0 ch\u1ea5t l\u01b0\u1ee3ng s\u1ea3n ph\u1ea9m ngay khi nh\u1eadn h\u00e0ng v\u00e0 th\u00f4ng b\u00e1o ngay l\u1eadp t\u1ee9c cho v\u1ec1 b\u1ea5t k\u1ef3 sai s\u00f3t, h\u01b0 h\u1ecfng n\u00e0o c\u00f3 th\u1ec3 nh\u00ecn th\u1ea5y \u0111\u01b0\u1ee3c.<\/li>\n<\/ul>\n<hr \/>\n<h2 style=\"text-align: justify;\">6. Ch\u1ea5t L\u01b0\u1ee3ng v\u00e0 B\u1ea3o H\u00e0nh<\/h2>\n<ul style=\"text-align: justify;\">\n<li>cam k\u1ebft s\u1ea3n ph\u1ea9m \u0111\u01b0\u1ee3c giao ph\u00f9 h\u1ee3p v\u1edbi c\u00e1c th\u00f4ng s\u1ed1 k\u1ef9 thu\u1eadt, ti\u00eau chu\u1ea9n ch\u1ea5t l\u01b0\u1ee3ng \u0111\u00e3 th\u1ecfa thu\u1eadn trong H\u1ee3p \u0111\u1ed3ng.<\/li>\n<li>Tr\u00e1ch nhi\u1ec7m c\u1ee7a ch\u00fang t\u00f4i \u0111\u1ed1i v\u1edbi s\u1ea3n ph\u1ea9m b\u1ecb l\u1ed7i s\u1ebd gi\u1edbi h\u1ea1n \u1edf vi\u1ec7c thay th\u1ebf, s\u1eeda ch\u1eefa ho\u1eb7c ho\u00e0n l\u1ea1i gi\u00e1 tr\u1ecb s\u1ea3n ph\u1ea9m \u0111\u00f3, t\u00f9y thu\u1ed9c v\u00e0o th\u1ecfa thu\u1eadn c\u1ee5 th\u1ec3. Ch\u00fang t\u00f4i kh\u00f4ng ch\u1ecbu tr\u00e1ch nhi\u1ec7m cho c\u00e1c thi\u1ec7t h\u1ea1i gi\u00e1n ti\u1ebfp ho\u1eb7c m\u1ea5t l\u1ee3i nhu\u1eadn ph\u00e1t sinh.<\/li>\n<\/ul>\n<hr \/>\n<h2 style=\"text-align: justify;\">7. B\u1ea5t Kh\u1ea3 Kh\u00e1ng<\/h2>\n<ul style=\"text-align: justify;\">\n<li>kh\u00f4ng ch\u1ecbu tr\u00e1ch nhi\u1ec7m cho vi\u1ec7c ch\u1eadm tr\u1ec5 ho\u1eb7c kh\u00f4ng th\u1ef1c hi\u1ec7n ngh\u0129a v\u1ee5 do c\u00e1c s\u1ef1 ki\u1ec7n n\u1eb1m ngo\u00e0i t\u1ea7m ki\u1ec3m so\u00e1t h\u1ee3p l\u00fd c\u1ee7a ch\u00fang t\u00f4i, bao g\u1ed3m nh\u01b0ng kh\u00f4ng gi\u1edbi h\u1ea1n \u1edf thi\u00ean tai, chi\u1ebfn tranh, \u0111\u00ecnh c\u00f4ng, d\u1ecbch b\u1ec7nh, s\u1ef1 thay \u0111\u1ed5i ch\u00ednh s\u00e1ch c\u1ee7a ch\u00ednh ph\u1ee7, gi\u00e1n \u0111o\u1ea1n chu\u1ed7i cung \u1ee9ng nghi\u00eam tr\u1ecdng.<\/li>\n<\/ul>\n<hr \/>\n<h2 style=\"text-align: justify;\">8. Quy\u1ec1n S\u1edf H\u1eefu Tr\u00ed Tu\u1ec7<\/h2>\n<ul style=\"text-align: justify;\">\n<li>T\u1ea5t c\u1ea3 nh\u00e3n hi\u1ec7u, logo, thi\u1ebft k\u1ebf v\u00e0 c\u00e1c t\u00e0i s\u1ea3n tr\u00ed tu\u1ec7 kh\u00e1c li\u00ean quan \u0111\u1ebfn v\u00e0 s\u1ea3n ph\u1ea9m c\u1ee7a ch\u00fang t\u00f4i l\u00e0 t\u00e0i s\u1ea3n \u0111\u1ed9c quy\u1ec1n c\u1ee7a . Vi\u1ec7c s\u1eed d\u1ee5ng c\u00e1c t\u00e0i s\u1ea3n n\u00e0y m\u00e0 kh\u00f4ng c\u00f3 s\u1ef1 cho ph\u00e9p b\u1eb1ng v\u0103n b\u1ea3n c\u1ee7a ch\u00fang t\u00f4i l\u00e0 vi ph\u1ea1m ph\u00e1p lu\u1eadt.<\/li>\n<li>\u0110\u1ed1i v\u1edbi c\u00e1c d\u1ecbch v\u1ee5 \u0111\u00f3ng g\u00f3i theo y\u00eau c\u1ea7u (OEM), Kh\u00e1ch h\u00e0ng ph\u1ea3i \u0111\u1ea3m b\u1ea3o r\u1eb1ng h\u1ecd c\u00f3 to\u00e0n quy\u1ec1n s\u1eed d\u1ee5ng c\u00e1c thi\u1ebft k\u1ebf, nh\u00e3n hi\u1ec7u m\u00e0 h\u1ecd cung c\u1ea5p.<\/li>\n<\/ul>\n<hr \/>\n<h2 style=\"text-align: justify;\">9. Gi\u1ea3i Quy\u1ebft Tranh Ch\u1ea5p<\/h2>\n<ul style=\"text-align: justify;\">\n<li>M\u1ecdi tranh ch\u1ea5p ph\u00e1t sinh t\u1eeb ho\u1eb7c li\u00ean quan \u0111\u1ebfn c\u00e1c \u0111i\u1ec1u kho\u1ea3n n\u00e0y s\u1ebd \u0111\u01b0\u1ee3c gi\u1ea3i quy\u1ebft tr\u01b0\u1edbc h\u1ebft th\u00f4ng qua th\u01b0\u01a1ng l\u01b0\u1ee3ng, h\u00f2a gi\u1ea3i tr\u00ean tinh th\u1ea7n thi\u1ec7n ch\u00ed.<\/li>\n<li>N\u1ebfu kh\u00f4ng th\u1ec3 gi\u1ea3i quy\u1ebft qua th\u01b0\u01a1ng l\u01b0\u1ee3ng, tranh ch\u1ea5p s\u1ebd \u0111\u01b0\u1ee3c \u0111\u01b0a ra gi\u1ea3i quy\u1ebft t\u1ea1i Trung t\u00e2m Tr\u1ecdng t\u00e0i Qu\u1ed1c t\u1ebf Vi\u1ec7t Nam (VIAC) ho\u1eb7c T\u00f2a \u00e1n c\u00f3 th\u1ea9m quy\u1ec1n theo quy \u0111\u1ecbnh c\u1ee7a ph\u00e1p lu\u1eadt Vi\u1ec7t Nam.<\/li>\n<\/ul>\n<hr \/>\n<h2 style=\"text-align: justify;\">10. \u0110i\u1ec1u Kho\u1ea3n Chung<\/h2>\n<ul style=\"text-align: justify;\">\n<li><strong>Hi\u1ec7u l\u1ef1c t\u1eebng ph\u1ea7n<\/strong>: N\u1ebfu b\u1ea5t k\u1ef3 \u0111i\u1ec1u kho\u1ea3n n\u00e0o trong \u0111\u00e2y b\u1ecb t\u00f2a \u00e1n c\u00f3 th\u1ea9m quy\u1ec1n tuy\u00ean b\u1ed1 l\u00e0 v\u00f4 hi\u1ec7u, c\u00e1c \u0111i\u1ec1u kho\u1ea3n c\u00f2n l\u1ea1i v\u1eabn gi\u1eef nguy\u00ean hi\u1ec7u l\u1ef1c.<\/li>\n<li><strong>S\u1eeda \u0111\u1ed5i<\/strong>: c\u00f3 quy\u1ec1n s\u1eeda \u0111\u1ed5i, c\u1eadp nh\u1eadt c\u00e1c \u0110i\u1ec1u kho\u1ea3n v\u00e0 \u0110i\u1ec1u ki\u1ec7n n\u00e0y v\u00e0o b\u1ea5t k\u1ef3 l\u00fac n\u00e0o. Phi\u00ean b\u1ea3n c\u1eadp nh\u1eadt s\u1ebd \u0111\u01b0\u1ee3c \u0111\u0103ng t\u1ea3i tr\u00ean trang web ch\u00ednh th\u1ee9c c\u1ee7a ch\u00fang t\u00f4i.<\/li>\n<\/ul>\n<p style=\"text-align: justify;\"><em>Vui l\u00f2ng li\u00ean h\u1ec7 v\u1edbi ch\u00fang t\u00f4i n\u1ebfu b\u1ea1n c\u00f3 b\u1ea5t k\u1ef3 c\u00e2u h\u1ecfi n\u00e0o v\u1ec1 c\u00e1c \u0111i\u1ec1u kho\u1ea3n n\u00e0y.<\/em><\/p>\n\t\t<\/div>\n\t\t\t\t\t<\/div>\n\n\t\n<\/div>\n\t\t<\/div>\n\n\t\t\n<style>\n#section_751475926 {\n  padding-top: 30px;\n  padding-bottom: 30px;\n}\n<\/style>\n\t<\/section>\n\t\n","protected":false},"excerpt":{"rendered":"","protected":false},"author":4,"featured_media":0,"parent":0,"menu_order":0,"comment_status":"closed","ping_status":"closed","template":"page-blank.php","meta":{"footnotes":""},"class_list":["post-718","page","type-page","status-publish","hentry"],"_links":{"self":[{"href":"https:\/\/karingglobal.com\/en\/wp-json\/wp\/v2\/pages\/718","targetHints":{"allow":["GET"]}}],"collection":[{"href":"https:\/\/karingglobal.com\/en\/wp-json\/wp\/v2\/pages"}],"about":[{"href":"https:\/\/karingglobal.com\/en\/wp-json\/wp\/v2\/types\/page"}],"author":[{"embeddable":true,"href":"https:\/\/karingglobal.com\/en\/wp-json\/wp\/v2\/users\/4"}],"replies":[{"embeddable":true,"href":"https:\/\/karingglobal.com\/en\/wp-json\/wp\/v2\/comments?post=718"}],"version-history":[{"count":3,"href":"https:\/\/karingglobal.com\/en\/wp-json\/wp\/v2\/pages\/718\/revisions"}],"predecessor-version":[{"id":949,"href":"https:\/\/karingglobal.com\/en\/wp-json\/wp\/v2\/pages\/718\/revisions\/949"}],"wp:attachment":[{"href":"https:\/\/karingglobal.com\/en\/wp-json\/wp\/v2\/media?parent=718"}],"curies":[{"name":"wp","href":"https:\/\/api.w.org\/{rel}","templated":true}]}}