{"id":723,"date":"2023-11-08T06:03:30","date_gmt":"2023-11-07T23:03:30","guid":{"rendered":"https:\/\/karingglobal.com\/chinh-sach\/"},"modified":"2025-12-23T09:45:32","modified_gmt":"2025-12-23T02:45:32","slug":"chinh-sach","status":"publish","type":"page","link":"https:\/\/karingglobal.com\/en\/chinh-sach\/","title":{"rendered":"Ch\u00ednh s\u00e1ch"},"content":{"rendered":"\n\t<section class=\"section\" id=\"section_102782638\">\n\t\t<div class=\"section-bg fill\" >\n\t\t\t\t\t\t\t\t\t\n\t\t\t\n\n\t\t<\/div>\n\n\t\t\n\n\t\t<div class=\"section-content relative\">\n\t\t\t\n<div class=\"row\"  id=\"row-2137159131\">\n\n\t<div id=\"col-1446758813\" class=\"col small-12 large-12\"  >\n\t\t\t\t<div class=\"col-inner\"  >\n\t\t\t\n\t\t\t\n<h1 style=\"text-align: justify;\">Ch\u00ednh S\u00e1ch Ho\u1ea1t \u0110\u1ed9ng<\/h1>\n<p style=\"text-align: justify;\">T\u1ea1i , ch\u00fang t\u00f4i cam k\u1ebft ho\u1ea1t \u0111\u1ed9ng d\u1ef1a tr\u00ean c\u00e1c nguy\u00ean t\u1eafc minh b\u1ea1ch, ch\u00ednh tr\u1ef1c v\u00e0 b\u1ec1n v\u1eefng. Ch\u00ednh s\u00e1ch n\u00e0y l\u00e0 n\u1ec1n t\u1ea3ng cho m\u1ecdi quy\u1ebft \u0111\u1ecbnh v\u00e0 h\u00e0nh \u0111\u1ed9ng c\u1ee7a ch\u00fang t\u00f4i, nh\u1eb1m mang l\u1ea1i gi\u00e1 tr\u1ecb t\u1ed1t nh\u1ea5t cho kh\u00e1ch h\u00e0ng, \u0111\u1ed1i t\u00e1c v\u00e0 c\u1ed9ng \u0111\u1ed3ng.<\/p>\n<hr \/>\n<h2 style=\"text-align: justify;\">1. Ch\u00ednh S\u00e1ch Ch\u1ea5t L\u01b0\u1ee3ng S\u1ea3n Ph\u1ea9m<\/h2>\n<ul style=\"text-align: justify;\">\n<li><strong>Cam k\u1ebft h\u00e0ng \u0111\u1ea7u<\/strong>: Ch\u1ea5t l\u01b0\u1ee3ng l\u00e0 \u01b0u ti\u00ean s\u1ed1 m\u1ed9t. M\u1ecdi s\u1ea3n ph\u1ea9m do cung c\u1ea5p \u0111\u1ec1u ph\u1ea3i tr\u1ea3i qua quy tr\u00ecnh ki\u1ec3m so\u00e1t ch\u1ea5t l\u01b0\u1ee3ng nghi\u00eam ng\u1eb7t, tu\u00e2n th\u1ee7 c\u00e1c ti\u00eau chu\u1ea9n qu\u1ed1c t\u1ebf nh\u01b0 HACCP, ISO 22000, HALAL, FDA v\u00e0 c\u00e1c ti\u00eau chu\u1ea9n \u0111\u1eb7c th\u00f9 c\u1ee7a th\u1ecb tr\u01b0\u1eddng nh\u1eadp kh\u1ea9u.<\/li>\n<li><strong>Truy xu\u1ea5t ngu\u1ed3n g\u1ed1c<\/strong>: Ch\u00fang t\u00f4i \u0111\u1ea3m b\u1ea3o kh\u1ea3 n\u0103ng truy xu\u1ea5t ngu\u1ed3n g\u1ed1c r\u00f5 r\u00e0ng cho t\u1eebng l\u00f4 h\u00e0ng, t\u1eeb v\u00f9ng tr\u1ed3ng, nh\u00e0 m\u00e1y s\u1ea3n xu\u1ea5t \u0111\u1ebfn tay kh\u00e1ch h\u00e0ng.<\/li>\n<li><strong>C\u1ea3i ti\u1ebfn li\u00ean t\u1ee5c<\/strong>: kh\u00f4ng ng\u1eebng nghi\u00ean c\u1ee9u, c\u1ea3i ti\u1ebfn quy tr\u00ecnh v\u00e0 \u00e1p d\u1ee5ng c\u00f4ng ngh\u1ec7 m\u1edbi \u0111\u1ec3 n\u00e2ng cao ch\u1ea5t l\u01b0\u1ee3ng s\u1ea3n ph\u1ea9m, \u0111\u00e1p \u1ee9ng s\u1ef1 mong \u0111\u1ee3i ng\u00e0y c\u00e0ng cao c\u1ee7a kh\u00e1ch h\u00e0ng.<\/li>\n<\/ul>\n<hr \/>\n<h2 style=\"text-align: justify;\">2. Ch\u00ednh S\u00e1ch Kh\u00e1ch H\u00e0ng<\/h2>\n<ul style=\"text-align: justify;\">\n<li><strong>L\u1ea5y kh\u00e1ch h\u00e0ng l\u00e0m trung t\u00e2m<\/strong>: M\u1ecdi ho\u1ea1t \u0111\u1ed9ng c\u1ee7a ch\u00fang t\u00f4i \u0111\u1ec1u h\u01b0\u1edbng \u0111\u1ebfn s\u1ef1 h\u00e0i l\u00f2ng c\u1ee7a kh\u00e1ch h\u00e0ng. Ch\u00fang t\u00f4i l\u1eafng nghe, th\u1ea5u hi\u1ec3u v\u00e0 n\u1ed7 l\u1ef1c \u0111\u00e1p \u1ee9ng v\u01b0\u1ee3t mong \u0111\u1ee3i c\u1ee7a b\u1ea1n.<\/li>\n<li><strong>B\u1ea3o m\u1eadt th\u00f4ng tin<\/strong>: cam k\u1ebft b\u1ea3o v\u1ec7 tuy\u1ec7t \u0111\u1ed1i th\u00f4ng tin c\u00e1 nh\u00e2n v\u00e0 th\u00f4ng tin kinh doanh c\u1ee7a kh\u00e1ch h\u00e0ng, \u0111\u1ed1i t\u00e1c theo quy \u0111\u1ecbnh c\u1ee7a ph\u00e1p lu\u1eadt. Th\u00f4ng tin s\u1ebd ch\u1ec9 \u0111\u01b0\u1ee3c s\u1eed d\u1ee5ng cho c\u00e1c m\u1ee5c \u0111\u00edch \u0111\u00e3 \u0111\u01b0\u1ee3c \u0111\u1ed3ng thu\u1eadn.<\/li>\n<li><strong>H\u1ed7 tr\u1ee3 t\u1eadn t\u00e2m<\/strong>: \u0110\u1ed9i ng\u0169 c\u1ee7a ch\u00fang t\u00f4i lu\u00f4n s\u1eb5n s\u00e0ng h\u1ed7 tr\u1ee3, t\u01b0 v\u1ea5n v\u00e0 gi\u1ea3i quy\u1ebft m\u1ecdi v\u1ea5n \u0111\u1ec1 ph\u00e1t sinh m\u1ed9t c\u00e1ch nhanh ch\u00f3ng, chuy\u00ean nghi\u1ec7p v\u00e0 hi\u1ec7u qu\u1ea3.<\/li>\n<\/ul>\n<hr \/>\n<h2 style=\"text-align: justify;\">3. Ch\u00ednh S\u00e1ch Mua H\u00e0ng v\u00e0 \u0110\u1ed5i Tr\u1ea3<\/h2>\n<ul style=\"text-align: justify;\">\n<li><strong>Quy tr\u00ecnh minh b\u1ea1ch<\/strong>: Quy tr\u00ecnh \u0111\u1eb7t h\u00e0ng, thanh to\u00e1n v\u00e0 giao nh\u1eadn \u0111\u01b0\u1ee3c chu\u1ea9n h\u00f3a, c\u00f4ng khai minh b\u1ea1ch \u0111\u1ec3 \u0111\u1ea3m b\u1ea3o s\u1ef1 thu\u1eadn ti\u1ec7n v\u00e0 r\u00f5 r\u00e0ng cho kh\u00e1ch h\u00e0ng.<\/li>\n<li><strong>Ch\u00ednh s\u00e1ch \u0111\u1ed5i tr\u1ea3<\/strong>: Ch\u00fang t\u00f4i c\u00f3 quy \u0111\u1ecbnh r\u00f5 r\u00e0ng v\u1ec1 vi\u1ec7c x\u1eed l\u00fd c\u00e1c tr\u01b0\u1eddng h\u1ee3p s\u1ea3n ph\u1ea9m kh\u00f4ng \u0111\u00fang ch\u1ea5t l\u01b0\u1ee3ng, sai quy c\u00e1ch ho\u1eb7c h\u01b0 h\u1ecfng do qu\u00e1 tr\u00ecnh v\u1eadn chuy\u1ec3n. s\u1ebd ch\u1ecbu tr\u00e1ch nhi\u1ec7m v\u00e0 \u0111\u01b0a ra ph\u01b0\u01a1ng \u00e1n gi\u1ea3i quy\u1ebft th\u1ecfa \u0111\u00e1ng, bao g\u1ed3m \u0111\u1ed5i tr\u1ea3 ho\u1eb7c b\u1ed3i ho\u00e0n, d\u1ef1a tr\u00ean c\u00e1c \u0111i\u1ec1u kho\u1ea3n \u0111\u00e3 th\u1ecfa thu\u1eadn trong h\u1ee3p \u0111\u1ed3ng.<\/li>\n<\/ul>\n<hr \/>\n<h2 style=\"text-align: justify;\">4. Ch\u00ednh S\u00e1ch Tr\u00e1ch Nhi\u1ec7m X\u00e3 H\u1ed9i (CSR)<\/h2>\n<ul style=\"text-align: justify;\">\n<li><strong>Ph\u00e1t tri\u1ec3n b\u1ec1n v\u1eefng<\/strong>: Ch\u00fang t\u00f4i \u01b0u ti\u00ean h\u1ee3p t\u00e1c v\u1edbi c\u00e1c nh\u00e0 cung c\u1ea5p v\u00e0 \u0111\u1ed1i t\u00e1c chia s\u1ebb cam k\u1ebft v\u1ec1 ph\u00e1t tri\u1ec3n b\u1ec1n v\u1eefng, b\u1ea3o v\u1ec7 m\u00f4i tr\u01b0\u1eddng v\u00e0 lao \u0111\u1ed9ng c\u00f4ng b\u1eb1ng.<\/li>\n<li><strong>\u0110\u1ed3ng h\u00e0nh c\u00f9ng n\u00f4ng d\u00e2n<\/strong>: cam k\u1ebft h\u1ed7 tr\u1ee3 c\u1ed9ng \u0111\u1ed3ng n\u00f4ng d\u00e2n Vi\u1ec7t Nam th\u00f4ng qua vi\u1ec7c \u0111\u1ea3m b\u1ea3o \u0111\u1ea7u ra \u1ed5n \u0111\u1ecbnh, gi\u00e1 c\u1ea3 h\u1ee3p l\u00fd v\u00e0 chia s\u1ebb ki\u1ebfn th\u1ee9c v\u1ec1 canh t\u00e1c b\u1ec1n v\u1eefng.<\/li>\n<li><strong>B\u1ea3o v\u1ec7 m\u00f4i tr\u01b0\u1eddng<\/strong>: Ch\u00fang t\u00f4i khuy\u1ebfn kh\u00edch v\u00e0 \u00e1p d\u1ee5ng c\u00e1c gi\u1ea3i ph\u00e1p th\u00e2n thi\u1ec7n v\u1edbi m\u00f4i tr\u01b0\u1eddng trong ho\u1ea1t \u0111\u1ed9ng \u0111\u00f3ng g\u00f3i, v\u1eadn chuy\u1ec3n v\u00e0 s\u1ea3n xu\u1ea5t nh\u1eb1m gi\u1ea3m thi\u1ec3u t\u00e1c \u0111\u1ed9ng ti\u00eau c\u1ef1c \u0111\u1ebfn m\u00f4i tr\u01b0\u1eddng.<\/li>\n<\/ul>\n<hr \/>\n<h2 style=\"text-align: justify;\">5. Ch\u00ednh S\u00e1ch \u0110\u1ea1o \u0110\u1ee9c Kinh Doanh<\/h2>\n<ul style=\"text-align: justify;\">\n<li><strong>Ch\u00ednh tr\u1ef1c v\u00e0 minh b\u1ea1ch<\/strong>: tuy\u1ec7t \u0111\u1ed1i kh\u00f4ng khoan nh\u01b0\u1ee3ng v\u1edbi c\u00e1c h\u00e0nh vi tham nh\u0169ng, gian l\u1eadn trong kinh doanh. M\u1ecdi ho\u1ea1t \u0111\u1ed9ng \u0111\u1ec1u \u0111\u01b0\u1ee3c th\u1ef1c hi\u1ec7n d\u1ef1a tr\u00ean nguy\u00ean t\u1eafc c\u00f4ng b\u1eb1ng v\u00e0 minh b\u1ea1ch.<\/li>\n<li><strong>Tu\u00e2n th\u1ee7 ph\u00e1p lu\u1eadt<\/strong>: Ch\u00fang t\u00f4i cam k\u1ebft tu\u00e2n th\u1ee7 \u0111\u1ea7y \u0111\u1ee7 lu\u1eadt ph\u00e1p c\u1ee7a Vi\u1ec7t Nam v\u00e0 c\u00e1c qu\u1ed1c gia n\u01a1i ch\u00fang t\u00f4i ho\u1ea1t \u0111\u1ed9ng kinh doanh.<\/li>\n<\/ul>\n<p style=\"text-align: justify;\"><em>Ch\u00ednh s\u00e1ch n\u00e0y c\u00f3 hi\u1ec7u l\u1ef1c t\u1eeb ng\u00e0y ban h\u00e0nh v\u00e0 \u0111\u01b0\u1ee3c \u00e1p d\u1ee5ng cho to\u00e0n b\u1ed9 nh\u00e2n vi\u00ean, ban l\u00e3nh \u0111\u1ea1o v\u00e0 c\u00e1c \u0111\u1ed1i t\u00e1c li\u00ean quan c\u1ee7a . Ch\u00fang t\u00f4i s\u1ebd \u0111\u1ecbnh k\u1ef3 xem x\u00e9t v\u00e0 c\u1eadp nh\u1eadt ch\u00ednh s\u00e1ch \u0111\u1ec3 ph\u00f9 h\u1ee3p v\u1edbi t\u00ecnh h\u00ecnh th\u1ef1c t\u1ebf v\u00e0 c\u00e1c quy \u0111\u1ecbnh m\u1edbi.<\/em><\/p>\n\t\t<\/div>\n\t\t\t\t\t<\/div>\n\n\t\n<\/div>\n\t\t<\/div>\n\n\t\t\n<style>\n#section_102782638 {\n  padding-top: 30px;\n  padding-bottom: 30px;\n}\n<\/style>\n\t<\/section>\n\t\n","protected":false},"excerpt":{"rendered":"","protected":false},"author":4,"featured_media":0,"parent":0,"menu_order":0,"comment_status":"closed","ping_status":"open","template":"page-blank.php","meta":{"footnotes":""},"class_list":["post-723","page","type-page","status-publish","hentry"],"_links":{"self":[{"href":"https:\/\/karingglobal.com\/en\/wp-json\/wp\/v2\/pages\/723","targetHints":{"allow":["GET"]}}],"collection":[{"href":"https:\/\/karingglobal.com\/en\/wp-json\/wp\/v2\/pages"}],"about":[{"href":"https:\/\/karingglobal.com\/en\/wp-json\/wp\/v2\/types\/page"}],"author":[{"embeddable":true,"href":"https:\/\/karingglobal.com\/en\/wp-json\/wp\/v2\/users\/4"}],"replies":[{"embeddable":true,"href":"https:\/\/karingglobal.com\/en\/wp-json\/wp\/v2\/comments?post=723"}],"version-history":[{"count":3,"href":"https:\/\/karingglobal.com\/en\/wp-json\/wp\/v2\/pages\/723\/revisions"}],"predecessor-version":[{"id":947,"href":"https:\/\/karingglobal.com\/en\/wp-json\/wp\/v2\/pages\/723\/revisions\/947"}],"wp:attachment":[{"href":"https:\/\/karingglobal.com\/en\/wp-json\/wp\/v2\/media?parent=723"}],"curies":[{"name":"wp","href":"https:\/\/api.w.org\/{rel}","templated":true}]}}